{"id":2,"date":"2024-04-03T15:25:52","date_gmt":"2024-04-03T18:25:52","guid":{"rendered":"http:\/\/delvecchiooliveira.adv.br\/?page_id=2"},"modified":"2025-10-07T15:45:12","modified_gmt":"2025-10-07T18:45:12","slug":"pagina-exemplo","status":"publish","type":"page","link":"https:\/\/delvecchiooliveira.adv.br\/?page_id=2","title":{"rendered":"Novidades"},"content":{"rendered":"\t\t<div data-elementor-type=\"wp-page\" data-elementor-id=\"2\" class=\"elementor elementor-2\">\n\t\t\t\t<div class=\"elementor-element elementor-element-1c9df12 e-con-full e-flex e-con e-parent\" data-id=\"1c9df12\" data-element_type=\"container\" data-e-type=\"container\">\n\t\t<div class=\"elementor-element elementor-element-563746b e-flex e-con-boxed e-con e-child\" data-id=\"563746b\" data-element_type=\"container\" data-e-type=\"container\">\n\t\t\t\t\t<div class=\"e-con-inner\">\n\t\t\t\t\t<\/div>\n\t\t\t\t<\/div>\n\t\t<div class=\"elementor-element elementor-element-19ae296 e-flex e-con-boxed e-con e-child\" data-id=\"19ae296\" data-element_type=\"container\" data-e-type=\"container\">\n\t\t\t\t\t<div class=\"e-con-inner\">\n\t\t\t\t\t<\/div>\n\t\t\t\t<\/div>\n\t\t\t\t<\/div>\n\t\t<div class=\"elementor-element elementor-element-ff6afff e-grid e-con-full e-con e-parent\" data-id=\"ff6afff\" data-element_type=\"container\" data-e-type=\"container\">\n\t\t\t\t<div class=\"elementor-element elementor-element-28d8a2e elementor-widget elementor-widget-stratum-instagram\" data-id=\"28d8a2e\" data-element_type=\"widget\" data-e-type=\"widget\" data-widget_type=\"stratum-instagram.default\">\n\t\t\t\t\t<div class=\"stratum-instagram\">\n\t<div class=\"stratum-instagram__wrapper masonry-grid\">\n\t\t\t\t<div class=\"stratum-instagram__item masonry-item\">\n\t\t\t\t<div class=\"stratum-instagram__media-wrapper\">\n\t\t\t\t\t<a class=\"stratum-instagram__media-link\" target=\"_blank\" href=\"https:\/\/www.instagram.com\/p\/DWoyJ-cgJfa\/\">\n\t\t\t\t\t\t\t\t\t\t\t\t\t<img decoding=\"async\" class=\"stratum-instagram__media\" src=\"https:\/\/scontent-gig4-2.cdninstagram.com\/v\/t51.82787-15\/658372556_17937573969193598_9196333918882217021_n.jpg?stp=dst-jpg_e35_tt6&#038;_nc_cat=104&#038;ccb=7-5&#038;_nc_sid=18de74&#038;efg=eyJlZmdfdGFnIjoiRkVFRC5iZXN0X2ltYWdlX3VybGdlbi5DMyJ9&#038;_nc_ohc=37aMb-sPcKQQ7kNvwGp5pxZ&#038;_nc_oc=AdojiF7FROSk9iqa6YZUA3e8vLzBlsYFQoWvY-RcY8RRx0niRwlF7c2Y3ybyuGkMzsg&#038;_nc_zt=23&#038;_nc_ht=scontent-gig4-2.cdninstagram.com&#038;edm=ANo9K5cEAAAA&#038;_nc_gid=SuQFBnV43Um4-6XYJOkMEA&#038;_nc_tpa=Q5bMBQFcLPYnEEBWbbgP4qXjWS3vTzV04KP4-_pozZJ9n3of_KTzB0w9mCKfeqIMjF6aF5vBZaTHflD5tQ&#038;oh=00_Af3bWHwtFxZ5knUfBLqqZhcU3OXFcvVHoT5ISgxONvT15A&#038;oe=69DA5A9F\" alt=\"\"\/>\n\t\t\t\t\t\t\t\t\t\t\t<\/a>\n\t\t\t\t<\/div>\n\t\t\t<\/div>\n\t\t\t\t\t<div class=\"stratum-instagram__item masonry-item\">\n\t\t\t\t<div class=\"stratum-instagram__media-wrapper\">\n\t\t\t\t\t<a class=\"stratum-instagram__media-link\" target=\"_blank\" href=\"https:\/\/www.instagram.com\/p\/DWjM27tlUID\/\">\n\t\t\t\t\t\t\t\t\t\t\t\t\t<img decoding=\"async\" class=\"stratum-instagram__media\" src=\"https:\/\/scontent-gig4-1.cdninstagram.com\/v\/t51.82787-15\/658922685_17937243258193598_2726774215280696150_n.jpg?stp=dst-jpg_e35_tt6&#038;_nc_cat=108&#038;ccb=7-5&#038;_nc_sid=18de74&#038;efg=eyJlZmdfdGFnIjoiRkVFRC5iZXN0X2ltYWdlX3VybGdlbi5DMyJ9&#038;_nc_ohc=HIOtIWQsi7EQ7kNvwH1f9dN&#038;_nc_oc=AdqLip6Mex1PCJ7FJ6IoIl61QLgUyB7P6Qcbj8tM3wZiG5AEkhTRTDesl0xlpguxLsI&#038;_nc_zt=23&#038;_nc_ht=scontent-gig4-1.cdninstagram.com&#038;edm=ANo9K5cEAAAA&#038;_nc_gid=SuQFBnV43Um4-6XYJOkMEA&#038;_nc_tpa=Q5bMBQFvn8KTBonk2hHSiPcNr1022Bt7sBWIju2kRd6ej3gp8wgtg9NrDWS7yQGKPWgGvPRx6zUQspADsg&#038;oh=00_Af0nMhEp59_lRLqquHAq7radeLXQCQ9tKMpZjyZz-orJYw&#038;oe=69DA5CEF\" alt=\"Voc\u00ea pode ter direito a um benef\u00edcio\u2026 e nem saber disso. Isso acontece todos os dias. O sistema previdenci\u00e1rio \u00e9 complexo. E quando a informa\u00e7\u00e3o n\u00e3o chega, o trabalhador simplesmente n\u00e3o acessa o que \u00e9 dele por direito. Pedidos negados. C\u00e1lculos errados. Benef\u00edcios que nunca s\u00e3o solicitados. E n\u00e3o \u00e9 por falta de direito. \u00c9&hellip;\"\/>\n\t\t\t\t\t\t\t\t\t\t\t<\/a>\n\t\t\t\t<\/div>\n\t\t\t<\/div>\n\t\t\t\t\t<div class=\"stratum-instagram__item masonry-item\">\n\t\t\t\t<div class=\"stratum-instagram__media-wrapper\">\n\t\t\t\t\t<a class=\"stratum-instagram__media-link\" target=\"_blank\" href=\"https:\/\/www.instagram.com\/p\/DWZeldzAAJY\/\">\n\t\t\t\t\t\t\t\t\t\t\t\t\t<img decoding=\"async\" class=\"stratum-instagram__media\" src=\"https:\/\/scontent-gig4-1.cdninstagram.com\/v\/t51.82787-15\/657170024_17936672739193598_2066203450012776103_n.jpg?stp=dst-jpg_e35_tt6&#038;_nc_cat=105&#038;ccb=7-5&#038;_nc_sid=18de74&#038;efg=eyJlZmdfdGFnIjoiRkVFRC5iZXN0X2ltYWdlX3VybGdlbi5DMyJ9&#038;_nc_ohc=YrL9d23bSXEQ7kNvwECzbu6&#038;_nc_oc=AdpREhFjttfswhnuxsrggCxokW-znwtdzB8ZIjdOiEyE2FX9-lsEjzwW0o6gg0GUo7o&#038;_nc_zt=23&#038;_nc_ht=scontent-gig4-1.cdninstagram.com&#038;edm=ANo9K5cEAAAA&#038;_nc_gid=SuQFBnV43Um4-6XYJOkMEA&#038;_nc_tpa=Q5bMBQG-nLpyDlNXM--39MymsxmhFIDWr2U_T00E_e276wbK5Ykb7nWOX7R_OwAHUvWx6j4Kkt2QmwT4fw&#038;oh=00_Af2PXKUXAhWg1hp1xPkSE0bXExVmYnUOEH_0urne32nj9w&#038;oe=69DA423A\" alt=\"Voc\u00ea pode estar trabalhando mais\u2026 e recebendo menos do que deveria. E isso n\u00e3o \u00e9 raro. A maioria dos trabalhadores n\u00e3o sabe exatamente o que tem direito \u2014 e \u00e9 a\u00ed que os erros passam despercebidos. Horas extras pagas errado. Adicionais que n\u00e3o aparecem. C\u00e1lculos que favorecem a empresa. E sabe o que mant\u00e9m isso?&hellip;\"\/>\n\t\t\t\t\t\t\t\t\t\t\t<\/a>\n\t\t\t\t<\/div>\n\t\t\t<\/div>\n\t\t\t\t\t<div class=\"stratum-instagram__item masonry-item\">\n\t\t\t\t<div class=\"stratum-instagram__media-wrapper\">\n\t\t\t\t\t<a class=\"stratum-instagram__media-link\" target=\"_blank\" href=\"https:\/\/www.instagram.com\/p\/DPhLcHPkcWB\/\">\n\t\t\t\t\t\t\t\t\t\t\t\t\t<img decoding=\"async\" class=\"stratum-instagram__media\" src=\"https:\/\/scontent-gig4-2.cdninstagram.com\/v\/t51.82787-15\/560569499_17916445824193598_3800034817313562810_n.jpg?stp=dst-jpg_e35_tt6&#038;_nc_cat=101&#038;ccb=7-5&#038;_nc_sid=18de74&#038;efg=eyJlZmdfdGFnIjoiRkVFRC5iZXN0X2ltYWdlX3VybGdlbi5DMyJ9&#038;_nc_ohc=AVR-PeDySzIQ7kNvwEi5t6V&#038;_nc_oc=AdqrAtFK_8tYyBPFPrc3IzoFVra9v2z1cISZ4qFWlwpcWXUqEvjM4TPgGCiotRJzbsQ&#038;_nc_zt=23&#038;_nc_ht=scontent-gig4-2.cdninstagram.com&#038;edm=ANo9K5cEAAAA&#038;_nc_gid=SuQFBnV43Um4-6XYJOkMEA&#038;_nc_tpa=Q5bMBQH_rgBOL-PH4RUz-3SIROi77UO-J3kE6GK6cUO78E_SmmHsMwTyQL-7IhdKtiM2QxgBN4mV-vRFFg&#038;oh=00_Af2UEd1y_ZezPA1ajq-rFL0SDqAAUr8yG6ULGxeyAqEX6g&#038;oe=69DA4EB7\" alt=\"Voc\u00ea sabia que existem doen\u00e7as que isentam o segurado do INSS de cumprir o per\u00edodo de car\u00eancia para receber benef\u00edcios como aux\u00edlio por incapacidade tempor\u00e1ria (antigo aux\u00edlio-doen\u00e7a) ou aposentadoria por incapacidade permanente (antiga aposentadoria por invalidez)? O objetivo dessa regra \u00e9 garantir prote\u00e7\u00e3o imediata a quem enfrenta condi\u00e7\u00f5es graves de sa\u00fade que comprometem totalmente a&hellip;\"\/>\n\t\t\t\t\t\t\t\t\t\t\t<\/a>\n\t\t\t\t<\/div>\n\t\t\t<\/div>\n\t\t\t\t\t<div class=\"stratum-instagram__item masonry-item\">\n\t\t\t\t<div class=\"stratum-instagram__media-wrapper\">\n\t\t\t\t\t<a class=\"stratum-instagram__media-link\" target=\"_blank\" href=\"https:\/\/www.instagram.com\/p\/DPRsAP7EaOO\/\">\n\t\t\t\t\t\t\t\t\t\t\t\t\t<img decoding=\"async\" class=\"stratum-instagram__media\" src=\"https:\/\/scontent-gig4-2.cdninstagram.com\/v\/t51.82787-15\/558865998_17915797053193598_4993911140131636909_n.jpg?stp=dst-jpg_e35_tt6&#038;_nc_cat=103&#038;ccb=7-5&#038;_nc_sid=18de74&#038;efg=eyJlZmdfdGFnIjoiRkVFRC5iZXN0X2ltYWdlX3VybGdlbi5DMyJ9&#038;_nc_ohc=WaMXm3ysdEUQ7kNvwEgQdM0&#038;_nc_oc=AdqW_O9oCcSnIoGr7RTqMPMYNE6yIpym0bLp_It2Z0sgp86phrlItCXeh2I2BIi2hko&#038;_nc_zt=23&#038;_nc_ht=scontent-gig4-2.cdninstagram.com&#038;edm=ANo9K5cEAAAA&#038;_nc_gid=SuQFBnV43Um4-6XYJOkMEA&#038;_nc_tpa=Q5bMBQFUhU19EcEmzLpgLSPmIIMFGGAmJtR18G6J08HGZGZiqI6zlHbnwEi-s5iroVvAMIfLlHtI24PRFQ&#038;oh=00_Af2B6K18ZybyKYaGJ_Z8eeR1Zje0gg075hXk77EK6cKAOQ&#038;oe=69DA3B73\" alt=\"T\u00eam direito ao beneficio os dependentes de pessoas que j\u00e1 eram seguradas da Previd\u00eancia Social e vieram a falecer. \u27a1\ufe0fC\u00f4njuge, companheira, companheiro e o filho n\u00e3o emancipado, de qualquer condi\u00e7\u00e3o, menor de 21 anos ou inv\u00e1lido ou que tenha defici\u00eancia intelectual ou mental ou defici\u00eancia grave; \u27a1\ufe0fOs pais \u27a1\ufe0fO irm\u00e3o n\u00e3o emancipado, de qualquer condi\u00e7\u00e3o,&hellip;\"\/>\n\t\t\t\t\t\t\t\t\t\t\t<\/a>\n\t\t\t\t<\/div>\n\t\t\t<\/div>\n\t\t\t<\/div>\n<\/div>\n\t\t\t\t<\/div>\n\t\t\t\t<\/div>\n\t\t<div class=\"elementor-element elementor-element-3b5c46c e-con-full e-flex e-con e-parent\" data-id=\"3b5c46c\" data-element_type=\"container\" data-e-type=\"container\">\n\t\t\t\t<\/div>\n\t\t<div class=\"elementor-element elementor-element-c0bb4c1 e-con-full e-flex e-con e-parent\" data-id=\"c0bb4c1\" data-element_type=\"container\" data-e-type=\"container\">\n\t\t\t\t<\/div>\n\t\t<div class=\"elementor-element elementor-element-06f8241 e-con-full e-flex e-con e-parent\" data-id=\"06f8241\" data-element_type=\"container\" data-e-type=\"container\">\n\t\t\t\t<\/div>\n\t\t\t\t<\/div>\n\t\t","protected":false},"excerpt":{"rendered":"","protected":false},"author":1,"featured_media":0,"parent":0,"menu_order":0,"comment_status":"closed","ping_status":"closed","template":"","meta":{"_et_pb_use_builder":"on","_et_pb_old_content":"<!-- wp:paragraph -->\n<p>Esta \u00e9 uma p\u00e1gina de exemplo. \u00c9 diferente de um post no blog porque ela permanecer\u00e1 em um lugar e aparecer\u00e1 na navega\u00e7\u00e3o do seu site na maioria dos temas. Muitas pessoas come\u00e7am com uma p\u00e1gina que as apresenta a poss\u00edveis visitantes do site. Ela pode dizer algo assim:<\/p>\n<!-- \/wp:paragraph -->\n\n<!-- wp:quote -->\n<blockquote class=\"wp-block-quote\"><!-- wp:paragraph -->\n<p>Ol\u00e1! Eu sou um mensageiro de bicicleta durante o dia, ator aspirante \u00e0 noite, e este \u00e9 o meu site. Eu moro em S\u00e3o Paulo, tenho um grande cachorro chamado Rex e gosto de tomar caipirinha (e banhos de chuva).<\/p>\n<!-- \/wp:paragraph --><\/blockquote>\n<!-- \/wp:quote -->\n\n<!-- wp:paragraph -->\n<p>...ou alguma coisa assim:<\/p>\n<!-- \/wp:paragraph -->\n\n<!-- wp:quote -->\n<blockquote class=\"wp-block-quote\"><!-- wp:paragraph -->\n<p>A Companhia de Miniaturas XYZ foi fundada em 1971, e desde ent\u00e3o tem fornecido miniaturas de qualidade ao p\u00fablico. Localizada na cidade de Itu, a XYZ emprega mais de 2.000 pessoas e faz coisas grandiosas para a comunidade da cidade.<\/p>\n<!-- \/wp:paragraph --><\/blockquote>\n<!-- \/wp:quote -->\n\n<!-- wp:paragraph -->\n<p>Como um novo usu\u00e1rio do WordPress, voc\u00ea deveria ir ao <a href=\"http:\/\/delvecchiooliveira.adv.br\/wp-admin\/\">painel<\/a> para excluir essa p\u00e1gina e criar novas p\u00e1ginas para o seu conte\u00fado. Divirta-se!<\/p>\n<!-- \/wp:paragraph -->","_et_gb_content_width":"","_joinchat":[],"footnotes":""},"class_list":["post-2","page","type-page","status-publish","hentry"],"_links":{"self":[{"href":"https:\/\/delvecchiooliveira.adv.br\/index.php?rest_route=\/wp\/v2\/pages\/2","targetHints":{"allow":["GET"]}}],"collection":[{"href":"https:\/\/delvecchiooliveira.adv.br\/index.php?rest_route=\/wp\/v2\/pages"}],"about":[{"href":"https:\/\/delvecchiooliveira.adv.br\/index.php?rest_route=\/wp\/v2\/types\/page"}],"author":[{"embeddable":true,"href":"https:\/\/delvecchiooliveira.adv.br\/index.php?rest_route=\/wp\/v2\/users\/1"}],"replies":[{"embeddable":true,"href":"https:\/\/delvecchiooliveira.adv.br\/index.php?rest_route=%2Fwp%2Fv2%2Fcomments&post=2"}],"version-history":[{"count":92,"href":"https:\/\/delvecchiooliveira.adv.br\/index.php?rest_route=\/wp\/v2\/pages\/2\/revisions"}],"predecessor-version":[{"id":261,"href":"https:\/\/delvecchiooliveira.adv.br\/index.php?rest_route=\/wp\/v2\/pages\/2\/revisions\/261"}],"wp:attachment":[{"href":"https:\/\/delvecchiooliveira.adv.br\/index.php?rest_route=%2Fwp%2Fv2%2Fmedia&parent=2"}],"curies":[{"name":"wp","href":"https:\/\/api.w.org\/{rel}","templated":true}]}}